{"id":1920,"date":"2025-11-03T11:13:54","date_gmt":"2025-11-03T10:13:54","guid":{"rendered":"https:\/\/atelierlinguistique.com\/mentions-legales\/"},"modified":"2025-11-13T08:13:31","modified_gmt":"2025-11-13T07:13:31","slug":"mentions-legales","status":"publish","type":"page","link":"https:\/\/atelierlinguistique.com\/fr\/mentions-legales\/","title":{"rendered":"Mentions l\u00e9gales"},"content":{"rendered":"<style>.elementor-1920 .elementor-element.elementor-element-5e65f4f{--display:flex;--flex-direction:column;--container-widget-width:100%;--container-widget-height:initial;--container-widget-flex-grow:0;--container-widget-align-self:initial;--flex-wrap-mobile:wrap;--margin-top:0px;--margin-bottom:60px;--margin-left:0px;--margin-right:0px;--padding-top:0px;--padding-bottom:0px;--padding-left:0px;--padding-right:0px;}.elementor-1920 .elementor-element.elementor-element-db3777a{--display:flex;--margin-top:0;--margin-bottom:0;--margin-left:auto;--margin-right:auto;--padding-top:0px;--padding-bottom:0px;--padding-left:0px;--padding-right:0px;}.elementor-1920 .elementor-element.elementor-element-d029050{margin:0rem 0rem calc(var(--kit-widget-spacing, 0px) + 3rem) 0rem;}@media(max-width:1024px){.elementor-1920 .elementor-element.elementor-element-db3777a{--margin-top:0;--margin-bottom:0;--margin-left:auto;--margin-right:auto;}}@media(min-width:768px){.elementor-1920 .elementor-element.elementor-element-5e65f4f{--content-width:100%;}.elementor-1920 .elementor-element.elementor-element-db3777a{--width:80%;}}@media(max-width:1024px) and (min-width:768px){.elementor-1920 .elementor-element.elementor-element-db3777a{--width:85%;}}@media(max-width:767px){.elementor-1920 .elementor-element.elementor-element-db3777a{--width:90%;--margin-top:0;--margin-bottom:0;--margin-left:auto;--margin-right:auto;}}<\/style>\t\t<div data-elementor-type=\"wp-page\" data-elementor-id=\"1920\" class=\"elementor elementor-1920 elementor-826\">\n\t\t\t\t<section class=\"elementor-element elementor-element-5e65f4f e-flex e-con-boxed e-con e-parent\" data-id=\"5e65f4f\" data-element_type=\"container\">\n\t\t\t\t\t<div class=\"e-con-inner\">\n\t\t<div class=\"elementor-element elementor-element-db3777a e-con-full innercontent e-flex elementor-invisible e-con e-child\" data-id=\"db3777a\" data-element_type=\"container\" data-settings=\"{&quot;animation&quot;:&quot;fadeInUp&quot;}\">\n\t\t\t\t<div class=\"elementor-element elementor-element-d029050 elementor-widget elementor-widget-heading\" data-id=\"d029050\" data-element_type=\"widget\" data-widget_type=\"heading.default\">\n\t\t\t\t\t<h1 class=\"elementor-heading-title elementor-size-default\">Mentions l\u00e9gales<\/h1>\t\t\t\t<\/div>\n\t\t\t\t<div class=\"elementor-element elementor-element-c9c37a9 elementor-widget elementor-widget-text-editor\" data-id=\"c9c37a9\" data-element_type=\"widget\" data-widget_type=\"text-editor.default\">\n\t\t\t\t\t\t\t\t\t<p>Atelier Linguistique<\/p><p>Si\u00e8ge de l\u2019entreprise : Ludwigstra\u00dfe 1, D\u201377694 Kehl<\/p><p>Num\u00e9ro fiscal : 08004\/22940<br>Num\u00e9ro de TVA intracommunautaire : DE400121771<\/p><h2>Clause de non-responsabilit\u00e9<\/h2><p>Atelier Linguistique v\u00e9rifie en permanence le contenu de ce site web avec la plus grande attention. Nous d\u00e9clinons cependant toute responsabilit\u00e9 concernant d\u2019\u00e9ventuelles erreurs, l&rsquo;exhaustivit\u00e9, l&rsquo;actualit\u00e9, les dysfonctionnements et les dommages r\u00e9sultant directement ou indirectement de l&rsquo;utilisation de ce site web. <\/p><h2>Protection des droits d&rsquo;auteur<\/h2><p>Tous les contenus de ce site web, tels que les textes, images, graphiques et logos, sont prot\u00e9g\u00e9s par le droit d&rsquo;auteur et ne peuvent \u00eatre reproduits, diffus\u00e9s, enregistr\u00e9s, trait\u00e9s, traduits, modifi\u00e9s ou rendus accessibles \u00e0 des tiers \u00e0 des fins commerciales. Toute utilisation de contenus isol\u00e9s ou de pages compl\u00e8tes de ce site web n\u00e9cessite l&rsquo;accord \u00e9crit pr\u00e9alable d&rsquo;Atelier Linguistique. <\/p>\t\t\t\t\t\t\t\t<\/div>\n\t\t\t\t<\/div>\n\t\t\t\t\t<\/div>\n\t\t\t\t<\/section>\n\t\t\t\t<\/div>\n\t\t","protected":false},"excerpt":{"rendered":"<p>Mentions l\u00e9gales Atelier Linguistique Si\u00e8ge de l\u2019entreprise : Ludwigstra\u00dfe 1, D\u201377694 Kehl Num\u00e9ro fiscal : 08004\/22940Num\u00e9ro de TVA intracommunautaire : DE400121771 Clause de non-responsabilit\u00e9 Atelier Linguistique v\u00e9rifie en permanence le contenu de ce site web avec la plus grande attention. Nous d\u00e9clinons cependant toute responsabilit\u00e9 concernant d\u2019\u00e9ventuelles erreurs, l&rsquo;exhaustivit\u00e9, l&rsquo;actualit\u00e9, les dysfonctionnements et les dommages [&hellip;]<\/p>\n","protected":false},"author":1,"featured_media":0,"parent":0,"menu_order":0,"comment_status":"closed","ping_status":"closed","template":"","meta":{"footnotes":""},"class_list":["post-1920","page","type-page","status-publish","hentry"],"yoast_head":"<!-- This site is optimized with the Yoast SEO plugin v26.3 - https:\/\/yoast.com\/wordpress\/plugins\/seo\/ -->\n<title>Atelier Linguistique \u2013 Mentions l\u00e9gales<\/title>\n<meta name=\"description\" content=\"Mentions juridiques, clause de responsabilit\u00e9 et droits d\u2019auteur.\" \/>\n<meta name=\"robots\" content=\"index, follow, max-snippet:-1, max-image-preview:large, max-video-preview:-1\" \/>\n<link rel=\"canonical\" href=\"https:\/\/atelierlinguistique.com\/fr\/mentions-legales\/\" \/>\n<meta property=\"og:locale\" content=\"fr_FR\" \/>\n<meta property=\"og:type\" content=\"article\" \/>\n<meta property=\"og:title\" content=\"Atelier Linguistique \u2013 Mentions l\u00e9gales\" \/>\n<meta property=\"og:description\" content=\"Mentions juridiques, clause de responsabilit\u00e9 et droits d\u2019auteur.\" \/>\n<meta property=\"og:url\" content=\"https:\/\/atelierlinguistique.com\/fr\/mentions-legales\/\" \/>\n<meta property=\"og:site_name\" content=\"Atelier Linguistique\" \/>\n<meta property=\"article:modified_time\" content=\"2025-11-13T07:13:31+00:00\" \/>\n<meta name=\"twitter:card\" content=\"summary_large_image\" \/>\n<script type=\"application\/ld+json\" class=\"yoast-schema-graph\">{\"@context\":\"https:\/\/schema.org\",\"@graph\":[{\"@type\":\"WebPage\",\"@id\":\"https:\/\/atelierlinguistique.com\/fr\/mentions-legales\/\",\"url\":\"https:\/\/atelierlinguistique.com\/fr\/mentions-legales\/\",\"name\":\"Atelier Linguistique \u2013 Mentions l\u00e9gales\",\"isPartOf\":{\"@id\":\"https:\/\/atelierlinguistique.com\/fr\/#website\"},\"datePublished\":\"2025-11-03T10:13:54+00:00\",\"dateModified\":\"2025-11-13T07:13:31+00:00\",\"description\":\"Mentions juridiques, clause de responsabilit\u00e9 et droits d\u2019auteur.\",\"breadcrumb\":{\"@id\":\"https:\/\/atelierlinguistique.com\/fr\/mentions-legales\/#breadcrumb\"},\"inLanguage\":\"fr-FR\",\"potentialAction\":[{\"@type\":\"ReadAction\",\"target\":[\"https:\/\/atelierlinguistique.com\/fr\/mentions-legales\/\"]}]},{\"@type\":\"BreadcrumbList\",\"@id\":\"https:\/\/atelierlinguistique.com\/fr\/mentions-legales\/#breadcrumb\",\"itemListElement\":[{\"@type\":\"ListItem\",\"position\":1,\"name\":\"Startseite\",\"item\":\"https:\/\/atelierlinguistique.com\/fr\/\"},{\"@type\":\"ListItem\",\"position\":2,\"name\":\"Mentions l\u00e9gales\"}]},{\"@type\":\"WebSite\",\"@id\":\"https:\/\/atelierlinguistique.com\/fr\/#website\",\"url\":\"https:\/\/atelierlinguistique.com\/fr\/\",\"name\":\"Atelier Linguistique\",\"description\":\"\",\"publisher\":{\"@id\":\"https:\/\/atelierlinguistique.com\/fr\/#organization\"},\"potentialAction\":[{\"@type\":\"SearchAction\",\"target\":{\"@type\":\"EntryPoint\",\"urlTemplate\":\"https:\/\/atelierlinguistique.com\/fr\/?s={search_term_string}\"},\"query-input\":{\"@type\":\"PropertyValueSpecification\",\"valueRequired\":true,\"valueName\":\"search_term_string\"}}],\"inLanguage\":\"fr-FR\"},{\"@type\":\"Organization\",\"@id\":\"https:\/\/atelierlinguistique.com\/fr\/#organization\",\"name\":\"Atelier Linguistique\",\"url\":\"https:\/\/atelierlinguistique.com\/fr\/\",\"logo\":{\"@type\":\"ImageObject\",\"inLanguage\":\"fr-FR\",\"@id\":\"https:\/\/atelierlinguistique.com\/fr\/#\/schema\/logo\/image\/\",\"url\":\"https:\/\/atelierlinguistique.com\/wp-content\/uploads\/2025\/10\/al_logo.svg\",\"contentUrl\":\"https:\/\/atelierlinguistique.com\/wp-content\/uploads\/2025\/10\/al_logo.svg\",\"width\":1,\"height\":1,\"caption\":\"Atelier Linguistique\"},\"image\":{\"@id\":\"https:\/\/atelierlinguistique.com\/fr\/#\/schema\/logo\/image\/\"}}]}<\/script>\n<!-- \/ Yoast SEO plugin. -->","yoast_head_json":{"title":"Atelier Linguistique \u2013 Mentions l\u00e9gales","description":"Mentions juridiques, clause de responsabilit\u00e9 et droits d\u2019auteur.","robots":{"index":"index","follow":"follow","max-snippet":"max-snippet:-1","max-image-preview":"max-image-preview:large","max-video-preview":"max-video-preview:-1"},"canonical":"https:\/\/atelierlinguistique.com\/fr\/mentions-legales\/","og_locale":"fr_FR","og_type":"article","og_title":"Atelier Linguistique \u2013 Mentions l\u00e9gales","og_description":"Mentions juridiques, clause de responsabilit\u00e9 et droits d\u2019auteur.","og_url":"https:\/\/atelierlinguistique.com\/fr\/mentions-legales\/","og_site_name":"Atelier Linguistique","article_modified_time":"2025-11-13T07:13:31+00:00","twitter_card":"summary_large_image","schema":{"@context":"https:\/\/schema.org","@graph":[{"@type":"WebPage","@id":"https:\/\/atelierlinguistique.com\/fr\/mentions-legales\/","url":"https:\/\/atelierlinguistique.com\/fr\/mentions-legales\/","name":"Atelier Linguistique \u2013 Mentions l\u00e9gales","isPartOf":{"@id":"https:\/\/atelierlinguistique.com\/fr\/#website"},"datePublished":"2025-11-03T10:13:54+00:00","dateModified":"2025-11-13T07:13:31+00:00","description":"Mentions juridiques, clause de responsabilit\u00e9 et droits d\u2019auteur.","breadcrumb":{"@id":"https:\/\/atelierlinguistique.com\/fr\/mentions-legales\/#breadcrumb"},"inLanguage":"fr-FR","potentialAction":[{"@type":"ReadAction","target":["https:\/\/atelierlinguistique.com\/fr\/mentions-legales\/"]}]},{"@type":"BreadcrumbList","@id":"https:\/\/atelierlinguistique.com\/fr\/mentions-legales\/#breadcrumb","itemListElement":[{"@type":"ListItem","position":1,"name":"Startseite","item":"https:\/\/atelierlinguistique.com\/fr\/"},{"@type":"ListItem","position":2,"name":"Mentions l\u00e9gales"}]},{"@type":"WebSite","@id":"https:\/\/atelierlinguistique.com\/fr\/#website","url":"https:\/\/atelierlinguistique.com\/fr\/","name":"Atelier Linguistique","description":"","publisher":{"@id":"https:\/\/atelierlinguistique.com\/fr\/#organization"},"potentialAction":[{"@type":"SearchAction","target":{"@type":"EntryPoint","urlTemplate":"https:\/\/atelierlinguistique.com\/fr\/?s={search_term_string}"},"query-input":{"@type":"PropertyValueSpecification","valueRequired":true,"valueName":"search_term_string"}}],"inLanguage":"fr-FR"},{"@type":"Organization","@id":"https:\/\/atelierlinguistique.com\/fr\/#organization","name":"Atelier Linguistique","url":"https:\/\/atelierlinguistique.com\/fr\/","logo":{"@type":"ImageObject","inLanguage":"fr-FR","@id":"https:\/\/atelierlinguistique.com\/fr\/#\/schema\/logo\/image\/","url":"https:\/\/atelierlinguistique.com\/wp-content\/uploads\/2025\/10\/al_logo.svg","contentUrl":"https:\/\/atelierlinguistique.com\/wp-content\/uploads\/2025\/10\/al_logo.svg","width":1,"height":1,"caption":"Atelier Linguistique"},"image":{"@id":"https:\/\/atelierlinguistique.com\/fr\/#\/schema\/logo\/image\/"}}]}},"_links":{"self":[{"href":"https:\/\/atelierlinguistique.com\/fr\/wp-json\/wp\/v2\/pages\/1920","targetHints":{"allow":["GET"]}}],"collection":[{"href":"https:\/\/atelierlinguistique.com\/fr\/wp-json\/wp\/v2\/pages"}],"about":[{"href":"https:\/\/atelierlinguistique.com\/fr\/wp-json\/wp\/v2\/types\/page"}],"author":[{"embeddable":true,"href":"https:\/\/atelierlinguistique.com\/fr\/wp-json\/wp\/v2\/users\/1"}],"replies":[{"embeddable":true,"href":"https:\/\/atelierlinguistique.com\/fr\/wp-json\/wp\/v2\/comments?post=1920"}],"version-history":[{"count":0,"href":"https:\/\/atelierlinguistique.com\/fr\/wp-json\/wp\/v2\/pages\/1920\/revisions"}],"wp:attachment":[{"href":"https:\/\/atelierlinguistique.com\/fr\/wp-json\/wp\/v2\/media?parent=1920"}],"curies":[{"name":"wp","href":"https:\/\/api.w.org\/{rel}","templated":true}]}}